{"id":255,"date":"2024-06-14T13:22:59","date_gmt":"2024-06-14T13:22:59","guid":{"rendered":"https:\/\/systemische-beratung-burau.de\/?page_id=255"},"modified":"2024-06-14T13:38:53","modified_gmt":"2024-06-14T13:38:53","slug":"kosten","status":"publish","type":"page","link":"https:\/\/systemische-beratung-burau.de\/?page_id=255","title":{"rendered":"Kosten"},"content":{"rendered":"<p>&nbsp;<\/p>\n<h3>Um herauszufinden, ob die &#8222;Chemie stimmt&#8220;, ist die erste Beratungsstunde kostenfrei.<\/h3>\n<h4>Beratung von Einzelpersonen, Paaren und Familienkonstellationen:<\/h4>\n<p>Einzelstunde \u00e1 60 Minuten:<\/p>\n<p><strong>85<\/strong><strong>\u20ac<\/strong><\/p>\n<p>3 Beratungsstunden \u00e1 60 Minuten:<\/p>\n<p><strong>230\u20ac<\/strong><\/p>\n<p><strong>Kein Stress<\/strong>: Wir vereinbaren ein Honorar, das Sie sich leisten k\u00f6nnen. Auch weitere &#8222;Pakete&#8220; k\u00f6nnen individuell abgesprochen werden.<\/p>\n<h4>Beratung von Sch\u00fcler*innen:<\/h4>\n<p><strong>Aktuell wird Beratung von Sch\u00fclerinnen und Sch\u00fclern \u00fcber das Bildungsministerium durch ein Sofortprogramm finanziell unterst\u00fctzt. Mehr Informationen gibt es hier:<\/strong><\/p>\n<p style=\"text-align: left;\">Aktuell: <a href=\"https:\/\/fachportal.lernnetz.de\/sh\/themen\/psychosoziale-gesundheit-an-schulen.html\">Das Sofortprogramm &#8222;Psychosoziale Gesundheit an Schulen&#8220;<\/a> des Bildungsministeriums in Schleswig-Holstein vermittelt und f\u00f6rdert Kontakt zu Beratungen f\u00fcr Einzelne und Gruppen. <strong>Die Kosten f\u00fcr die Beratung f\u00fcr Sch\u00fcler*innen werden bei Antrag teilweise oder ganz \u00fcbernommen.\u00a0<\/strong><\/p>\n<p>Auf der <a href=\"https:\/\/fachportal.lernnetz.de\/sh\/themen\/psychosoziale-gesundheit-an-schulen\/angebotslandkarte-fuer-lernende-und-angehoerige.html\">digitalen Angebotslandkarte<\/a> der oben genannten Seite kann das gew\u00fcnschte Beratungsangebot ausgew\u00e4hlt werden. Die Landkarte wird nach dem Klick auf &#8222;<strong>einwilligen<\/strong>&#8220; sichtbar.<\/p>\n<p style=\"text-align: left;\"><strong><a href=\"https:\/\/systemische-beratung-burau.de\/wp-content\/uploads\/2024\/06\/Bedarf-Familien-2024.pdf\">Hier gehts zum Antragsformular<\/a><\/strong><\/p>\n<p>&nbsp;<\/p>\n<p>&nbsp;<\/p>\n","protected":false},"excerpt":{"rendered":"<p>&nbsp; Um herauszufinden, ob die &#8222;Chemie stimmt&#8220;, ist die erste Beratungsstunde kostenfrei. Beratung von Einzelpersonen, Paaren und Familienkonstellationen: Einzelstunde \u00e1 60 Minuten: 85\u20ac 3 Beratungsstunden \u00e1 60 Minuten: 230\u20ac Kein Stress: Wir vereinbaren ein Honorar, das Sie sich leisten k\u00f6nnen. Auch weitere &#8222;Pakete&#8220; k\u00f6nnen individuell abgesprochen werden. Beratung von Sch\u00fcler*innen: Aktuell wird Beratung von Sch\u00fclerinnen&hellip; <a class=\"more-link\" href=\"https:\/\/systemische-beratung-burau.de\/?page_id=255\"><span class=\"screen-reader-text\">Kosten<\/span> weiterlesen<\/a><\/p>\n","protected":false},"author":1,"featured_media":0,"parent":0,"menu_order":0,"comment_status":"closed","ping_status":"closed","template":"","meta":{"footnotes":""},"class_list":["post-255","page","type-page","status-publish","hentry","entry"],"_links":{"self":[{"href":"https:\/\/systemische-beratung-burau.de\/index.php?rest_route=\/wp\/v2\/pages\/255","targetHints":{"allow":["GET"]}}],"collection":[{"href":"https:\/\/systemische-beratung-burau.de\/index.php?rest_route=\/wp\/v2\/pages"}],"about":[{"href":"https:\/\/systemische-beratung-burau.de\/index.php?rest_route=\/wp\/v2\/types\/page"}],"author":[{"embeddable":true,"href":"https:\/\/systemische-beratung-burau.de\/index.php?rest_route=\/wp\/v2\/users\/1"}],"replies":[{"embeddable":true,"href":"https:\/\/systemische-beratung-burau.de\/index.php?rest_route=%2Fwp%2Fv2%2Fcomments&post=255"}],"version-history":[{"count":13,"href":"https:\/\/systemische-beratung-burau.de\/index.php?rest_route=\/wp\/v2\/pages\/255\/revisions"}],"predecessor-version":[{"id":269,"href":"https:\/\/systemische-beratung-burau.de\/index.php?rest_route=\/wp\/v2\/pages\/255\/revisions\/269"}],"wp:attachment":[{"href":"https:\/\/systemische-beratung-burau.de\/index.php?rest_route=%2Fwp%2Fv2%2Fmedia&parent=255"}],"curies":[{"name":"wp","href":"https:\/\/api.w.org\/{rel}","templated":true}]}}